{"id":1934,"date":"2015-01-27T11:54:55","date_gmt":"2015-01-27T11:54:55","guid":{"rendered":"http:\/\/45.55.34.161\/~sattalodge\/suites-et-bungalows\/"},"modified":"2024-07-07T17:00:51","modified_gmt":"2024-07-07T17:00:51","slug":"suites-et-bungalows","status":"publish","type":"page","link":"https:\/\/sattalodge.com\/fr\/suites-et-bungalows\/","title":{"rendered":"SUITES ET BUNGALOWS"},"content":{"rendered":"<p><div class=\"fusion-fullwidth fullwidth-box fusion-builder-row-1 fusion-flex-container nonhundred-percent-fullwidth non-hundred-percent-height-scrolling\" style=\"--awb-background-position:left top;--awb-border-sizes-top:0px;--awb-border-sizes-bottom:0px;--awb-border-sizes-left:0px;--awb-border-sizes-right:0px;--awb-border-radius-top-left:0px;--awb-border-radius-top-right:0px;--awb-border-radius-bottom-right:0px;--awb-border-radius-bottom-left:0px;--awb-padding-top:110px;--awb-padding-bottom:25px;--awb-background-color:var(--awb-color2);\" ><div class=\"fusion-builder-row fusion-row fusion-flex-align-items-flex-start\" style=\"max-width:1216.8px;margin-left: calc(-4% \/ 2 );margin-right: calc(-4% \/ 2 );\"><div class=\"fusion-layout-column fusion_builder_column fusion-builder-column-0 fusion_builder_column_1_1 1_1 fusion-flex-column fusion-flex-align-self-flex-start fusion-column-no-min-height\" style=\"--awb-bg-blend:overlay;--awb-bg-size:cover;--awb-width-large:100%;--awb-margin-top-large:0px;--awb-spacing-right-large:1.92%;--awb-margin-bottom-large:0px;--awb-spacing-left-large:1.92%;--awb-width-medium:100%;--awb-spacing-right-medium:1.92%;--awb-spacing-left-medium:1.92%;--awb-width-small:100%;--awb-spacing-right-small:1.92%;--awb-spacing-left-small:1.92%;\"><div class=\"fusion-column-wrapper fusion-flex-justify-content-flex-start fusion-content-layout-column\"><div class=\"fusion-title title fusion-title-1 fusion-title-text fusion-title-size-one\" style=\"--awb-margin-bottom:50px;\"><div class=\"title-sep-container title-sep-container-left fusion-no-large-visibility fusion-no-medium-visibility fusion-no-small-visibility\"><div class=\"title-sep sep- sep-solid\" style=\"border-color:var(--awb-color3);\"><\/div><\/div><span class=\"awb-title-spacer fusion-no-large-visibility fusion-no-medium-visibility fusion-no-small-visibility\"><\/span><h1 class=\"title-heading-left fusion-responsive-typography-calculated\" style=\"margin:0;--fontSize:45;line-height:var(--awb-typography1-line-height);\">Suites, Bungalows et La Villa<\/h1><span class=\"awb-title-spacer\"><\/span><div class=\"title-sep-container title-sep-container-right\"><div class=\"title-sep sep- sep-solid\" style=\"border-color:var(--awb-color3);\"><\/div><\/div><\/div><style type=\"text\/css\">.fusion-portfolio-wrapper#fusion-portfolio-1 .fusion-portfolio-content{  text-align: left; }<\/style><div class=\"fusion-recent-works fusion-portfolio-element fusion-portfolio fusion-portfolio-1 fusion-portfolio-grid fusion-portfolio-paging-none fusion-portfolio-three fusion-portfolio-unboxed fusion-portfolio-text fusion-portfolio-equal-heights fusion-portfolio-rollover\" data-id=\"-rw-1\" data-columns=\"three\"><style type=\"text\/css\">.fusion-portfolio-1 .fusion-portfolio-wrapper .fusion-col-spacing{padding:14.5px;}<\/style><div class=\"fusion-portfolio-wrapper\" id=\"fusion-portfolio-1\" data-picturesize=\"fixed\" data-pages=\"1\" style=\"margin:-14.5px;\"><article id=\"portfolio-1-post-3533\" class=\"fusion-portfolio-post villa-fr fusion-col-spacing post-3533\"><div class=\"fusion-portfolio-content-wrapper\" style=\"border:none;\"><span class=\"vcard rich-snippet-hidden\"><span class=\"fn\"><a href=\"https:\/\/sattalodge.com\/fr\/author\/caseyadmin\/\" title=\"Articles par Casey Childers\" rel=\"author\">Casey Childers<\/a><\/span><\/span><span class=\"updated rich-snippet-hidden\">2025-05-21T16:14:06+00:00<\/span><div  class=\"fusion-image-wrapper fusion-image-size-fixed\" aria-haspopup=\"true\">\n\t\t\t\t<img decoding=\"async\" width=\"300\" height=\"214\" src=\"data:image\/svg+xml,%3Csvg%20xmlns%3D%27http%3A%2F%2Fwww.w3.org%2F2000%2Fsvg%27%20width%3D%27300%27%20height%3D%27214%27%20viewBox%3D%270%200%20300%20214%27%3E%3Crect%20width%3D%27300%27%20height%3D%27214%27%20fill-opacity%3D%220%22%2F%3E%3C%2Fsvg%3E\" data-orig-src=\"https:\/\/sattalodge.com\/wp-content\/uploads\/2024\/01\/IMG_20240122_091451-300x214.jpg\" class=\"lazyload attachment-portfolio-three size-portfolio-three wp-post-image\" alt=\"\" \/><div class=\"fusion-rollover\">\n\t<div class=\"fusion-rollover-content\">\n\n\t\t\t\t\t\t\t\t\t\t\t\t\t\t<a class=\"fusion-rollover-link\" href=\"https:\/\/sattalodge.com\/fr\/our-destination\/la-villa\/?portfolioCats=154%2C167%2C221\">La Villa<\/a>\n\t\t\t\n\t\t\t\t\t\t\t\t\n\t\t\n\t\t\t\t\t\t\t\t\n\t\t\t\t\t\t\t\t\n\t\t\n\t\t\t\t\t\t<a class=\"fusion-link-wrapper\" href=\"https:\/\/sattalodge.com\/fr\/our-destination\/la-villa\/?portfolioCats=154%2C167%2C221\" aria-label=\"La Villa\"><\/a>\n\t<\/div>\n<\/div>\n<\/div>\n<div class=\"fusion-portfolio-content\"><h2 class=\"entry-title fusion-post-title\"><a href=\"https:\/\/sattalodge.com\/fr\/our-destination\/la-villa\/?portfolioCats=154%2C167%2C221\">La Villa<\/a><\/h2><div class=\"fusion-post-content\"><p>La villa est spacieuse, baign\u00e9e de lumi\u00e8re naturelle et d\u00e9cor\u00e9e avec go\u00fbt.  <\/p><\/div><\/div><\/div><\/article><article id=\"portfolio-1-post-2113\" class=\"fusion-portfolio-post jungle-suites-fr fusion-col-spacing post-2113\"><div class=\"fusion-portfolio-content-wrapper\" style=\"border:none;\"><span class=\"vcard rich-snippet-hidden\"><span class=\"fn\"><a href=\"https:\/\/sattalodge.com\/fr\/author\/caseyadmin\/\" title=\"Articles par Casey Childers\" rel=\"author\">Casey Childers<\/a><\/span><\/span><span class=\"updated rich-snippet-hidden\">2024-07-07T17:04:51+00:00<\/span><div  class=\"fusion-image-wrapper fusion-image-size-fixed\" aria-haspopup=\"true\">\n\t\t\t\t<img decoding=\"async\" width=\"300\" height=\"214\" src=\"data:image\/svg+xml,%3Csvg%20xmlns%3D%27http%3A%2F%2Fwww.w3.org%2F2000%2Fsvg%27%20width%3D%27300%27%20height%3D%27214%27%20viewBox%3D%270%200%20300%20214%27%3E%3Crect%20width%3D%27300%27%20height%3D%27214%27%20fill-opacity%3D%220%22%2F%3E%3C%2Fsvg%3E\" data-orig-src=\"https:\/\/sattalodge.com\/wp-content\/uploads\/2023\/01\/0576-300x214.jpg\" class=\"lazyload attachment-portfolio-three size-portfolio-three wp-post-image\" alt=\"\" \/><div class=\"fusion-rollover\">\n\t<div class=\"fusion-rollover-content\">\n\n\t\t\t\t\t\t\t\t\t\t\t\t\t\t<a class=\"fusion-rollover-link\" href=\"https:\/\/sattalodge.com\/fr\/our-destination\/jungle-suites\/?portfolioCats=154%2C167%2C221\">Jungle Suites<\/a>\n\t\t\t\n\t\t\t\t\t\t\t\t\n\t\t\n\t\t\t\t\t\t\t\t\n\t\t\t\t\t\t\t\t\n\t\t\n\t\t\t\t\t\t<a class=\"fusion-link-wrapper\" href=\"https:\/\/sattalodge.com\/fr\/our-destination\/jungle-suites\/?portfolioCats=154%2C167%2C221\" aria-label=\"Jungle Suites\"><\/a>\n\t<\/div>\n<\/div>\n<\/div>\n<div class=\"fusion-portfolio-content\"><h2 class=\"entry-title fusion-post-title\"><a href=\"https:\/\/sattalodge.com\/fr\/our-destination\/jungle-suites\/?portfolioCats=154%2C167%2C221\">Jungle Suites<\/a><\/h2><div class=\"fusion-post-content\"><p>Nos deux Junior suite sont \u00e0 l\u2019\u00e9cart, \u00e0 l\u2019abri des regards, et b\u00e9n\u00e9ficient d\u2019une d\u00e9coration raffin\u00e9e.<\/p><\/div><\/div><\/div><\/article><article id=\"portfolio-1-post-2033\" class=\"fusion-portfolio-post bungalows-fr fusion-col-spacing post-2033\"><div class=\"fusion-portfolio-content-wrapper\" style=\"border:none;\"><span class=\"vcard rich-snippet-hidden\"><span class=\"fn\"><a href=\"https:\/\/sattalodge.com\/fr\/author\/caseyadmin\/\" title=\"Articles par Casey Childers\" rel=\"author\">Casey Childers<\/a><\/span><\/span><span class=\"updated rich-snippet-hidden\">2024-07-07T17:05:00+00:00<\/span><div  class=\"fusion-image-wrapper fusion-image-size-fixed\" aria-haspopup=\"true\">\n\t\t\t\t<img decoding=\"async\" width=\"300\" height=\"214\" src=\"data:image\/svg+xml,%3Csvg%20xmlns%3D%27http%3A%2F%2Fwww.w3.org%2F2000%2Fsvg%27%20width%3D%27300%27%20height%3D%27214%27%20viewBox%3D%270%200%20300%20214%27%3E%3Crect%20width%3D%27300%27%20height%3D%27214%27%20fill-opacity%3D%220%22%2F%3E%3C%2Fsvg%3E\" data-orig-src=\"https:\/\/sattalodge.com\/wp-content\/uploads\/2023\/01\/DSC_0923-300x214.jpg\" class=\"lazyload attachment-portfolio-three size-portfolio-three wp-post-image\" alt=\"\" \/><div class=\"fusion-rollover\">\n\t<div class=\"fusion-rollover-content\">\n\n\t\t\t\t\t\t\t\t\t\t\t\t\t\t<a class=\"fusion-rollover-link\" href=\"https:\/\/sattalodge.com\/fr\/our-destination\/bungalows\/?portfolioCats=154%2C167%2C221\">Bungalows<\/a>\n\t\t\t\n\t\t\t\t\t\t\t\t\n\t\t\n\t\t\t\t\t\t\t\t\n\t\t\t\t\t\t\t\t\n\t\t\n\t\t\t\t\t\t<a class=\"fusion-link-wrapper\" href=\"https:\/\/sattalodge.com\/fr\/our-destination\/bungalows\/?portfolioCats=154%2C167%2C221\" aria-label=\"Bungalows\"><\/a>\n\t<\/div>\n<\/div>\n<\/div>\n<div class=\"fusion-portfolio-content\"><h2 class=\"entry-title fusion-post-title\"><a href=\"https:\/\/sattalodge.com\/fr\/our-destination\/bungalows\/?portfolioCats=154%2C167%2C221\">Bungalows<\/a><\/h2><div class=\"fusion-post-content\"><p>Nous vous accueillons dans l'un de nos cinq bungalows, id\u00e9alement orient\u00e9s pour garantir votre intimit\u00e9.  <\/p><\/div><\/div><\/div><\/article><\/div><\/div><\/div><\/div><\/div><\/div><div class=\"fusion-bg-parallax\" data-bg-align=\"center center\" data-direction=\"up\" data-mute=\"false\" data-opacity=\"100\" data-velocity=\"-0.3\" data-mobile-enabled=\"false\" data-break_parents=\"0\" data-bg-image=\"http:\/\/sattalodge.com\/wp-content\/uploads\/2023\/03\/DJI_0984-2-1030x579.jpg\" data-bg-repeat=\"false\" data-bg-color=\"var(--awb-color4)\" ><\/div><div class=\"fusion-fullwidth fullwidth-box fusion-builder-row-2 fusion-flex-container has-pattern-background has-mask-background fusion-parallax-up nonhundred-percent-fullwidth non-hundred-percent-height-scrolling lazyload\" style=\"--awb-border-sizes-top:0px;--awb-border-sizes-bottom:0px;--awb-border-sizes-left:0px;--awb-border-sizes-right:0px;--awb-border-radius-top-left:0px;--awb-border-radius-top-right:0px;--awb-border-radius-bottom-right:0px;--awb-border-radius-bottom-left:0px;--awb-padding-top:190px;--awb-padding-bottom:190px;--awb-background-color:var(--awb-color4);--awb-background-size:cover;\" data-bg=\"http:\/\/sattalodge.com\/wp-content\/uploads\/2023\/03\/DJI_0984-2-1030x579.jpg\" ><div class=\"fusion-builder-row fusion-row fusion-flex-align-items-flex-start\" style=\"max-width:1216.8px;margin-left: calc(-4% \/ 2 );margin-right: calc(-4% \/ 2 );\"><div class=\"fusion-layout-column fusion_builder_column fusion-builder-column-1 fusion_builder_column_1_1 1_1 fusion-flex-column fusion-flex-align-self-flex-start fusion-column-no-min-height\" style=\"--awb-bg-blend:overlay;--awb-bg-size:cover;--awb-width-large:100%;--awb-margin-top-large:0px;--awb-spacing-right-large:1.92%;--awb-margin-bottom-large:0px;--awb-spacing-left-large:1.92%;--awb-width-medium:100%;--awb-spacing-right-medium:1.92%;--awb-spacing-left-medium:1.92%;--awb-width-small:100%;--awb-spacing-right-small:1.92%;--awb-spacing-left-small:1.92%;\"><div class=\"fusion-column-wrapper fusion-flex-justify-content-flex-start fusion-content-layout-column\"><div class=\"fusion-title title fusion-title-2 fusion-title-center fusion-title-text fusion-title-size-two\" style=\"--awb-text-color:var(--awb-color1);--awb-margin-top:40px;--awb-margin-bottom:10px;--awb-font-size:54px;\"><div class=\"title-sep-container title-sep-container-left\"><div class=\"title-sep sep- sep-solid\" style=\"border-color:var(--awb-color3);\"><\/div><\/div><span class=\"awb-title-spacer\"><\/span><h2 class=\"title-heading-center fusion-responsive-typography-calculated\" style=\"margin:0;font-size:1em;--fontSize:54;line-height:2;\">SATTA<\/h2><span class=\"awb-title-spacer\"><\/span><div class=\"title-sep-container title-sep-container-right\"><div class=\"title-sep sep- sep-solid\" style=\"border-color:var(--awb-color3);\"><\/div><\/div><\/div><div class=\"fusion-title title fusion-title-3 fusion-title-center fusion-title-text fusion-title-size-three\" style=\"--awb-text-color:var(--awb-color1);\"><div class=\"title-sep-container title-sep-container-left\"><div class=\"title-sep sep- sep-solid\" style=\"border-color:var(--awb-color3);\"><\/div><\/div><span class=\"awb-title-spacer\"><\/span><h3 class=\"title-heading-center fusion-responsive-typography-calculated\" style=\"font-family:-apple-system, BlinkMacSystemFont, &#039;Segoe UI&#039;, Roboto, Oxygen-Sans, Ubuntu, Cantarell, &#039;Helvetica Neue&#039; ,sans-serif;font-style:normal;font-weight:400;margin:0;--fontSize:24;--minFontSize:24;line-height:2;\">SE REPOSER &#8211; SE D\u00c9TENDRE &#8211; SE R\u00c9JOUIR &#8211; M\u00c9DITER<\/h3><span class=\"awb-title-spacer\"><\/span><div class=\"title-sep-container title-sep-container-right\"><div class=\"title-sep sep- sep-solid\" style=\"border-color:var(--awb-color3);\"><\/div><\/div><\/div><div class=\"fusion-separator fusion-full-width-sep\" style=\"align-self: center;margin-left: auto;margin-right: auto;margin-top:20px;margin-bottom:20px;width:100%;\"><\/div><div style=\"text-align:center;\"><a class=\"fusion-button button-3d fusion-button-default-size button-default fusion-button-default button-1 fusion-button-default-span fusion-button-default-type\" target=\"_self\" href=\"https:\/\/app.otasync.me\/engine\/en\/?property_code=NTM5Nw\"><span class=\"fusion-button-text\">RESERVER VOTRE S\u00c9JOUR<\/span><\/a><\/div><\/div><\/div><\/div><\/div><\/p>\n","protected":false},"excerpt":{"rendered":"","protected":false},"author":11,"featured_media":1589,"parent":0,"menu_order":0,"comment_status":"closed","ping_status":"open","template":"100-width.php","meta":{"footnotes":""},"class_list":["post-1934","page","type-page","status-publish","has-post-thumbnail","hentry"],"yoast_head":"<!-- This site is optimized with the Yoast SEO plugin v27.4 - https:\/\/yoast.com\/product\/yoast-seo-wordpress\/ -->\n<title>SUITES ET BUNGALOWS - Satta Lodge Private Suites Costa Rica<\/title>\n<meta name=\"description\" content=\"Au Satta Lodge, vous pourrez profiter de la jungle en toute intimit\u00e9 et dans le plus grand confort. Rendez-nous visite \u00e0 Puerto Viejo, au Costa Rica !\" \/>\n<meta name=\"robots\" content=\"index, follow, max-snippet:-1, max-image-preview:large, max-video-preview:-1\" \/>\n<link rel=\"canonical\" href=\"https:\/\/sattalodge.com\/fr\/suites-et-bungalows\/\" \/>\n<meta property=\"og:locale\" content=\"fr_FR\" \/>\n<meta property=\"og:type\" content=\"article\" \/>\n<meta property=\"og:title\" content=\"SUITES ET BUNGALOWS - Satta Lodge Private Suites Costa Rica\" \/>\n<meta property=\"og:description\" content=\"Au Satta Lodge, vous pourrez profiter de la jungle en toute intimit\u00e9 et dans le plus grand confort. Rendez-nous visite \u00e0 Puerto Viejo, au Costa Rica !\" \/>\n<meta property=\"og:url\" content=\"https:\/\/sattalodge.com\/fr\/suites-et-bungalows\/\" \/>\n<meta property=\"og:site_name\" content=\"Satta Lodge\" \/>\n<meta property=\"article:publisher\" content=\"https:\/\/www.facebook.com\/sattalodge\" \/>\n<meta property=\"article:modified_time\" content=\"2024-07-07T17:00:51+00:00\" \/>\n<meta property=\"og:image\" content=\"http:\/\/sattalodge.com\/wp-content\/uploads\/2023\/01\/DSC_0374-scaled.jpg\" \/>\n\t<meta property=\"og:image:width\" content=\"2560\" \/>\n\t<meta property=\"og:image:height\" content=\"1707\" \/>\n\t<meta property=\"og:image:type\" content=\"image\/jpeg\" \/>\n<meta name=\"twitter:card\" content=\"summary_large_image\" \/>\n<meta name=\"twitter:label1\" content=\"Dur\u00e9e de lecture estim\u00e9e\" \/>\n\t<meta name=\"twitter:data1\" content=\"2 minutes\" \/>\n<script type=\"application\/ld+json\" class=\"yoast-schema-graph\">{\"@context\":\"https:\\\/\\\/schema.org\",\"@graph\":[{\"@type\":\"WebPage\",\"@id\":\"https:\\\/\\\/sattalodge.com\\\/fr\\\/suites-et-bungalows\\\/\",\"url\":\"https:\\\/\\\/sattalodge.com\\\/fr\\\/suites-et-bungalows\\\/\",\"name\":\"SUITES ET BUNGALOWS - Satta Lodge Private Suites Costa Rica\",\"isPartOf\":{\"@id\":\"https:\\\/\\\/sattalodge.com\\\/fr\\\/#website\"},\"primaryImageOfPage\":{\"@id\":\"https:\\\/\\\/sattalodge.com\\\/fr\\\/suites-et-bungalows\\\/#primaryimage\"},\"image\":{\"@id\":\"https:\\\/\\\/sattalodge.com\\\/fr\\\/suites-et-bungalows\\\/#primaryimage\"},\"thumbnailUrl\":\"https:\\\/\\\/sattalodge.com\\\/wp-content\\\/uploads\\\/2023\\\/01\\\/DSC_0374-scaled.jpg\",\"datePublished\":\"2015-01-27T11:54:55+00:00\",\"dateModified\":\"2024-07-07T17:00:51+00:00\",\"description\":\"Au Satta Lodge, vous pourrez profiter de la jungle en toute intimit\u00e9 et dans le plus grand confort. Rendez-nous visite \u00e0 Puerto Viejo, au Costa Rica !\",\"breadcrumb\":{\"@id\":\"https:\\\/\\\/sattalodge.com\\\/fr\\\/suites-et-bungalows\\\/#breadcrumb\"},\"inLanguage\":\"fr-FR\",\"potentialAction\":[{\"@type\":\"ReadAction\",\"target\":[\"https:\\\/\\\/sattalodge.com\\\/fr\\\/suites-et-bungalows\\\/\"]}]},{\"@type\":\"ImageObject\",\"inLanguage\":\"fr-FR\",\"@id\":\"https:\\\/\\\/sattalodge.com\\\/fr\\\/suites-et-bungalows\\\/#primaryimage\",\"url\":\"https:\\\/\\\/sattalodge.com\\\/wp-content\\\/uploads\\\/2023\\\/01\\\/DSC_0374-scaled.jpg\",\"contentUrl\":\"https:\\\/\\\/sattalodge.com\\\/wp-content\\\/uploads\\\/2023\\\/01\\\/DSC_0374-scaled.jpg\",\"width\":2560,\"height\":1707},{\"@type\":\"BreadcrumbList\",\"@id\":\"https:\\\/\\\/sattalodge.com\\\/fr\\\/suites-et-bungalows\\\/#breadcrumb\",\"itemListElement\":[{\"@type\":\"ListItem\",\"position\":1,\"name\":\"Home\",\"item\":\"https:\\\/\\\/sattalodge.com\\\/fr\\\/accueil\\\/\"},{\"@type\":\"ListItem\",\"position\":2,\"name\":\"SUITES ET BUNGALOWS\"}]},{\"@type\":\"WebSite\",\"@id\":\"https:\\\/\\\/sattalodge.com\\\/fr\\\/#website\",\"url\":\"https:\\\/\\\/sattalodge.com\\\/fr\\\/\",\"name\":\"www.sattalodge.com\",\"description\":\"Jungle Chic\",\"publisher\":{\"@id\":\"https:\\\/\\\/sattalodge.com\\\/fr\\\/#organization\"},\"potentialAction\":[{\"@type\":\"SearchAction\",\"target\":{\"@type\":\"EntryPoint\",\"urlTemplate\":\"https:\\\/\\\/sattalodge.com\\\/fr\\\/?s={search_term_string}\"},\"query-input\":{\"@type\":\"PropertyValueSpecification\",\"valueRequired\":true,\"valueName\":\"search_term_string\"}}],\"inLanguage\":\"fr-FR\"},{\"@type\":\"Organization\",\"@id\":\"https:\\\/\\\/sattalodge.com\\\/fr\\\/#organization\",\"name\":\"www.sattalodge.com\",\"url\":\"https:\\\/\\\/sattalodge.com\\\/fr\\\/\",\"logo\":{\"@type\":\"ImageObject\",\"inLanguage\":\"fr-FR\",\"@id\":\"https:\\\/\\\/sattalodge.com\\\/fr\\\/#\\\/schema\\\/logo\\\/image\\\/\",\"url\":\"http:\\\/\\\/sattalodge.com\\\/wp-content\\\/uploads\\\/2023\\\/01\\\/39b99e8b-c4d3-410a-a870-a3b6d1928b65-2-1.jpg\",\"contentUrl\":\"http:\\\/\\\/sattalodge.com\\\/wp-content\\\/uploads\\\/2023\\\/01\\\/39b99e8b-c4d3-410a-a870-a3b6d1928b65-2-1.jpg\",\"width\":551,\"height\":449,\"caption\":\"www.sattalodge.com\"},\"image\":{\"@id\":\"https:\\\/\\\/sattalodge.com\\\/fr\\\/#\\\/schema\\\/logo\\\/image\\\/\"},\"sameAs\":[\"https:\\\/\\\/www.facebook.com\\\/sattalodge\",\"https:\\\/\\\/www.instagram.com\\\/sattalodge\\\/\"]}]}<\/script>\n<!-- \/ Yoast SEO plugin. -->","yoast_head_json":{"title":"SUITES ET BUNGALOWS - Satta Lodge Private Suites Costa Rica","description":"Au Satta Lodge, vous pourrez profiter de la jungle en toute intimit\u00e9 et dans le plus grand confort. Rendez-nous visite \u00e0 Puerto Viejo, au Costa Rica !","robots":{"index":"index","follow":"follow","max-snippet":"max-snippet:-1","max-image-preview":"max-image-preview:large","max-video-preview":"max-video-preview:-1"},"canonical":"https:\/\/sattalodge.com\/fr\/suites-et-bungalows\/","og_locale":"fr_FR","og_type":"article","og_title":"SUITES ET BUNGALOWS - Satta Lodge Private Suites Costa Rica","og_description":"Au Satta Lodge, vous pourrez profiter de la jungle en toute intimit\u00e9 et dans le plus grand confort. Rendez-nous visite \u00e0 Puerto Viejo, au Costa Rica !","og_url":"https:\/\/sattalodge.com\/fr\/suites-et-bungalows\/","og_site_name":"Satta Lodge","article_publisher":"https:\/\/www.facebook.com\/sattalodge","article_modified_time":"2024-07-07T17:00:51+00:00","og_image":[{"width":2560,"height":1707,"url":"http:\/\/sattalodge.com\/wp-content\/uploads\/2023\/01\/DSC_0374-scaled.jpg","type":"image\/jpeg"}],"twitter_card":"summary_large_image","twitter_misc":{"Dur\u00e9e de lecture estim\u00e9e":"2 minutes"},"schema":{"@context":"https:\/\/schema.org","@graph":[{"@type":"WebPage","@id":"https:\/\/sattalodge.com\/fr\/suites-et-bungalows\/","url":"https:\/\/sattalodge.com\/fr\/suites-et-bungalows\/","name":"SUITES ET BUNGALOWS - Satta Lodge Private Suites Costa Rica","isPartOf":{"@id":"https:\/\/sattalodge.com\/fr\/#website"},"primaryImageOfPage":{"@id":"https:\/\/sattalodge.com\/fr\/suites-et-bungalows\/#primaryimage"},"image":{"@id":"https:\/\/sattalodge.com\/fr\/suites-et-bungalows\/#primaryimage"},"thumbnailUrl":"https:\/\/sattalodge.com\/wp-content\/uploads\/2023\/01\/DSC_0374-scaled.jpg","datePublished":"2015-01-27T11:54:55+00:00","dateModified":"2024-07-07T17:00:51+00:00","description":"Au Satta Lodge, vous pourrez profiter de la jungle en toute intimit\u00e9 et dans le plus grand confort. Rendez-nous visite \u00e0 Puerto Viejo, au Costa Rica !","breadcrumb":{"@id":"https:\/\/sattalodge.com\/fr\/suites-et-bungalows\/#breadcrumb"},"inLanguage":"fr-FR","potentialAction":[{"@type":"ReadAction","target":["https:\/\/sattalodge.com\/fr\/suites-et-bungalows\/"]}]},{"@type":"ImageObject","inLanguage":"fr-FR","@id":"https:\/\/sattalodge.com\/fr\/suites-et-bungalows\/#primaryimage","url":"https:\/\/sattalodge.com\/wp-content\/uploads\/2023\/01\/DSC_0374-scaled.jpg","contentUrl":"https:\/\/sattalodge.com\/wp-content\/uploads\/2023\/01\/DSC_0374-scaled.jpg","width":2560,"height":1707},{"@type":"BreadcrumbList","@id":"https:\/\/sattalodge.com\/fr\/suites-et-bungalows\/#breadcrumb","itemListElement":[{"@type":"ListItem","position":1,"name":"Home","item":"https:\/\/sattalodge.com\/fr\/accueil\/"},{"@type":"ListItem","position":2,"name":"SUITES ET BUNGALOWS"}]},{"@type":"WebSite","@id":"https:\/\/sattalodge.com\/fr\/#website","url":"https:\/\/sattalodge.com\/fr\/","name":"www.sattalodge.com","description":"Jungle Chic","publisher":{"@id":"https:\/\/sattalodge.com\/fr\/#organization"},"potentialAction":[{"@type":"SearchAction","target":{"@type":"EntryPoint","urlTemplate":"https:\/\/sattalodge.com\/fr\/?s={search_term_string}"},"query-input":{"@type":"PropertyValueSpecification","valueRequired":true,"valueName":"search_term_string"}}],"inLanguage":"fr-FR"},{"@type":"Organization","@id":"https:\/\/sattalodge.com\/fr\/#organization","name":"www.sattalodge.com","url":"https:\/\/sattalodge.com\/fr\/","logo":{"@type":"ImageObject","inLanguage":"fr-FR","@id":"https:\/\/sattalodge.com\/fr\/#\/schema\/logo\/image\/","url":"http:\/\/sattalodge.com\/wp-content\/uploads\/2023\/01\/39b99e8b-c4d3-410a-a870-a3b6d1928b65-2-1.jpg","contentUrl":"http:\/\/sattalodge.com\/wp-content\/uploads\/2023\/01\/39b99e8b-c4d3-410a-a870-a3b6d1928b65-2-1.jpg","width":551,"height":449,"caption":"www.sattalodge.com"},"image":{"@id":"https:\/\/sattalodge.com\/fr\/#\/schema\/logo\/image\/"},"sameAs":["https:\/\/www.facebook.com\/sattalodge","https:\/\/www.instagram.com\/sattalodge\/"]}]}},"_links":{"self":[{"href":"https:\/\/sattalodge.com\/fr\/wp-json\/wp\/v2\/pages\/1934","targetHints":{"allow":["GET"]}}],"collection":[{"href":"https:\/\/sattalodge.com\/fr\/wp-json\/wp\/v2\/pages"}],"about":[{"href":"https:\/\/sattalodge.com\/fr\/wp-json\/wp\/v2\/types\/page"}],"author":[{"embeddable":true,"href":"https:\/\/sattalodge.com\/fr\/wp-json\/wp\/v2\/users\/11"}],"replies":[{"embeddable":true,"href":"https:\/\/sattalodge.com\/fr\/wp-json\/wp\/v2\/comments?post=1934"}],"version-history":[{"count":22,"href":"https:\/\/sattalodge.com\/fr\/wp-json\/wp\/v2\/pages\/1934\/revisions"}],"predecessor-version":[{"id":3680,"href":"https:\/\/sattalodge.com\/fr\/wp-json\/wp\/v2\/pages\/1934\/revisions\/3680"}],"wp:featuredmedia":[{"embeddable":true,"href":"https:\/\/sattalodge.com\/fr\/wp-json\/wp\/v2\/media\/1589"}],"wp:attachment":[{"href":"https:\/\/sattalodge.com\/fr\/wp-json\/wp\/v2\/media?parent=1934"}],"curies":[{"name":"wp","href":"https:\/\/api.w.org\/{rel}","templated":true}]}}